{"id":943961,"date":"2023-05-08T18:34:37","date_gmt":"2023-05-08T21:34:37","guid":{"rendered":"https:\/\/revistas.uc.cl\/?page_id=943961"},"modified":"2023-05-08T18:34:39","modified_gmt":"2023-05-08T21:34:39","slug":"formulario-de-postulacion-al-fondo-de-apoyo-a-la-indexacion-de-revistas-de-investigacion-uc","status":"publish","type":"page","link":"https:\/\/revistas.uc.cl\/en\/formulario-de-postulacion-al-fondo-de-apoyo-a-la-indexacion-de-revistas-de-investigacion-uc\/","title":{"rendered":"Formulario de postulaci\u00f3n al Fondo de Apoyo a la Indexaci\u00f3n de Revistas de Investigaci\u00f3n UC"},"content":{"rendered":"<div id=\"form_dbdd9550594373832b813869b1cb7aa0\"><\/div><script type=\"text\/javascript\" src=\"https:\/\/uc-cl.libwizard.com\/form_loader.php?id=dbdd9550594373832b813869b1cb7aa0&#038;noheader=1\"><\/script>","protected":false},"excerpt":{"rendered":"","protected":false},"author":1,"featured_media":0,"parent":0,"menu_order":0,"comment_status":"closed","ping_status":"closed","template":"","meta":{"_acf_changed":false,"footnotes":""},"class_list":["post-943961","page","type-page","status-publish","hentry"],"acf":[],"yoast_head":"<!-- This site is optimized with the Yoast SEO plugin v22.6 - https:\/\/yoast.com\/wordpress\/plugins\/seo\/ -->\n<title>Portal de Revistas<\/title>\n<meta name=\"robots\" content=\"index, follow, max-snippet:-1, max-image-preview:large, max-video-preview:-1\" \/>\n<link rel=\"canonical\" href=\"https:\/\/revistas.uc.cl\/en\/formulario-de-postulacion-al-fondo-de-apoyo-a-la-indexacion-de-revistas-de-investigacion-uc\/\" \/>\n<meta property=\"og:locale\" content=\"en_US\" \/>\n<meta property=\"og:type\" content=\"article\" \/>\n<meta property=\"og:title\" content=\"Formulario de postulaci\u00f3n al Fondo de Apoyo a la Indexaci\u00f3n de Revistas de Investigaci\u00f3n UC - Portal de Revistas\" \/>\n<meta property=\"og:url\" content=\"https:\/\/revistas.uc.cl\/en\/formulario-de-postulacion-al-fondo-de-apoyo-a-la-indexacion-de-revistas-de-investigacion-uc\/\" \/>\n<meta property=\"og:site_name\" content=\"Portal de Revistas\" \/>\n<meta property=\"article:modified_time\" content=\"2023-05-08T21:34:39+00:00\" \/>\n<meta name=\"twitter:card\" content=\"summary_large_image\" \/>\n<script type=\"application\/ld+json\" class=\"yoast-schema-graph\">{\"@context\":\"https:\/\/schema.org\",\"@graph\":[{\"@type\":\"WebPage\",\"@id\":\"https:\/\/revistas.uc.cl\/formulario-de-postulacion-al-fondo-de-apoyo-a-la-indexacion-de-revistas-de-investigacion-uc\/\",\"url\":\"https:\/\/revistas.uc.cl\/formulario-de-postulacion-al-fondo-de-apoyo-a-la-indexacion-de-revistas-de-investigacion-uc\/\",\"name\":\"Formulario de postulaci\u00f3n al Fondo de Apoyo a la Indexaci\u00f3n de Revistas de Investigaci\u00f3n UC - Portal de Revistas\",\"isPartOf\":{\"@id\":\"https:\/\/revistas.uc.cl\/#website\"},\"datePublished\":\"2023-05-08T21:34:37+00:00\",\"dateModified\":\"2023-05-08T21:34:39+00:00\",\"breadcrumb\":{\"@id\":\"https:\/\/revistas.uc.cl\/formulario-de-postulacion-al-fondo-de-apoyo-a-la-indexacion-de-revistas-de-investigacion-uc\/#breadcrumb\"},\"inLanguage\":\"en-US\",\"potentialAction\":[{\"@type\":\"ReadAction\",\"target\":[\"https:\/\/revistas.uc.cl\/formulario-de-postulacion-al-fondo-de-apoyo-a-la-indexacion-de-revistas-de-investigacion-uc\/\"]}]},{\"@type\":\"BreadcrumbList\",\"@id\":\"https:\/\/revistas.uc.cl\/formulario-de-postulacion-al-fondo-de-apoyo-a-la-indexacion-de-revistas-de-investigacion-uc\/#breadcrumb\",\"itemListElement\":[{\"@type\":\"ListItem\",\"position\":1,\"name\":\"Portada\",\"item\":\"https:\/\/revistas.uc.cl\/\"},{\"@type\":\"ListItem\",\"position\":2,\"name\":\"Formulario de postulaci\u00f3n al Fondo de Apoyo a la Indexaci\u00f3n de Revistas de Investigaci\u00f3n UC\"}]},{\"@type\":\"WebSite\",\"@id\":\"https:\/\/revistas.uc.cl\/#website\",\"url\":\"https:\/\/revistas.uc.cl\/\",\"name\":\"Portal de Revistas\",\"description\":\"Informaci\u00f3n de las revistas de investigaci\u00f3n de la UC\",\"potentialAction\":[{\"@type\":\"SearchAction\",\"target\":{\"@type\":\"EntryPoint\",\"urlTemplate\":\"https:\/\/revistas.uc.cl\/?s={search_term_string}\"},\"query-input\":\"required name=search_term_string\"}],\"inLanguage\":\"en-US\"}]}<\/script>\n<!-- \/ Yoast SEO plugin. -->","yoast_head_json":{"title":"Portal de Revistas","robots":{"index":"index","follow":"follow","max-snippet":"max-snippet:-1","max-image-preview":"max-image-preview:large","max-video-preview":"max-video-preview:-1"},"canonical":"https:\/\/revistas.uc.cl\/en\/formulario-de-postulacion-al-fondo-de-apoyo-a-la-indexacion-de-revistas-de-investigacion-uc\/","og_locale":"en_US","og_type":"article","og_title":"Formulario de postulaci\u00f3n al Fondo de Apoyo a la Indexaci\u00f3n de Revistas de Investigaci\u00f3n UC - Portal de Revistas","og_url":"https:\/\/revistas.uc.cl\/en\/formulario-de-postulacion-al-fondo-de-apoyo-a-la-indexacion-de-revistas-de-investigacion-uc\/","og_site_name":"Portal de Revistas","article_modified_time":"2023-05-08T21:34:39+00:00","twitter_card":"summary_large_image","schema":{"@context":"https:\/\/schema.org","@graph":[{"@type":"WebPage","@id":"https:\/\/revistas.uc.cl\/formulario-de-postulacion-al-fondo-de-apoyo-a-la-indexacion-de-revistas-de-investigacion-uc\/","url":"https:\/\/revistas.uc.cl\/formulario-de-postulacion-al-fondo-de-apoyo-a-la-indexacion-de-revistas-de-investigacion-uc\/","name":"Formulario de postulaci\u00f3n al Fondo de Apoyo a la Indexaci\u00f3n de Revistas de Investigaci\u00f3n UC - Portal de Revistas","isPartOf":{"@id":"https:\/\/revistas.uc.cl\/#website"},"datePublished":"2023-05-08T21:34:37+00:00","dateModified":"2023-05-08T21:34:39+00:00","breadcrumb":{"@id":"https:\/\/revistas.uc.cl\/formulario-de-postulacion-al-fondo-de-apoyo-a-la-indexacion-de-revistas-de-investigacion-uc\/#breadcrumb"},"inLanguage":"en-US","potentialAction":[{"@type":"ReadAction","target":["https:\/\/revistas.uc.cl\/formulario-de-postulacion-al-fondo-de-apoyo-a-la-indexacion-de-revistas-de-investigacion-uc\/"]}]},{"@type":"BreadcrumbList","@id":"https:\/\/revistas.uc.cl\/formulario-de-postulacion-al-fondo-de-apoyo-a-la-indexacion-de-revistas-de-investigacion-uc\/#breadcrumb","itemListElement":[{"@type":"ListItem","position":1,"name":"Portada","item":"https:\/\/revistas.uc.cl\/"},{"@type":"ListItem","position":2,"name":"Formulario de postulaci\u00f3n al Fondo de Apoyo a la Indexaci\u00f3n de Revistas de Investigaci\u00f3n UC"}]},{"@type":"WebSite","@id":"https:\/\/revistas.uc.cl\/#website","url":"https:\/\/revistas.uc.cl\/","name":"Portal de Revistas","description":"Informaci\u00f3n de las revistas de investigaci\u00f3n de la UC","potentialAction":[{"@type":"SearchAction","target":{"@type":"EntryPoint","urlTemplate":"https:\/\/revistas.uc.cl\/?s={search_term_string}"},"query-input":"required name=search_term_string"}],"inLanguage":"en-US"}]}},"_links":{"self":[{"href":"https:\/\/revistas.uc.cl\/en\/wp-json\/wp\/v2\/pages\/943961","targetHints":{"allow":["GET"]}}],"collection":[{"href":"https:\/\/revistas.uc.cl\/en\/wp-json\/wp\/v2\/pages"}],"about":[{"href":"https:\/\/revistas.uc.cl\/en\/wp-json\/wp\/v2\/types\/page"}],"author":[{"embeddable":true,"href":"https:\/\/revistas.uc.cl\/en\/wp-json\/wp\/v2\/users\/1"}],"replies":[{"embeddable":true,"href":"https:\/\/revistas.uc.cl\/en\/wp-json\/wp\/v2\/comments?post=943961"}],"version-history":[{"count":0,"href":"https:\/\/revistas.uc.cl\/en\/wp-json\/wp\/v2\/pages\/943961\/revisions"}],"wp:attachment":[{"href":"https:\/\/revistas.uc.cl\/en\/wp-json\/wp\/v2\/media?parent=943961"}],"curies":[{"name":"wp","href":"https:\/\/api.w.org\/{rel}","templated":true}]}}