{"id":206,"date":"2023-01-27T12:39:40","date_gmt":"2023-01-27T15:39:40","guid":{"rendered":"https:\/\/revistas.uc.cl\/?page_id=206"},"modified":"2025-07-28T11:52:04","modified_gmt":"2025-07-28T14:52:04","slug":"sobre-el-portal","status":"publish","type":"page","link":"https:\/\/revistas.uc.cl\/en\/sobre-el-portal\/","title":{"rendered":"about the portal"},"content":{"rendered":"","protected":false},"excerpt":{"rendered":"","protected":false},"author":1,"featured_media":0,"parent":0,"menu_order":0,"comment_status":"closed","ping_status":"closed","template":"","meta":{"_acf_changed":false,"footnotes":""},"class_list":["post-206","page","type-page","status-publish","hentry"],"acf":[],"yoast_head":"<!-- This site is optimized with the Yoast SEO plugin v22.6 - https:\/\/yoast.com\/wordpress\/plugins\/seo\/ -->\n<title>Portal de Revistas<\/title>\n<meta name=\"description\" content=\"Conoce el portal de Revistas UC: su misi\u00f3n, visi\u00f3n, y compromiso con la difusi\u00f3n cient\u00edfica de acceso abierto.\" \/>\n<meta name=\"robots\" content=\"index, follow, max-snippet:-1, max-image-preview:large, max-video-preview:-1\" \/>\n<link rel=\"canonical\" href=\"https:\/\/revistas.uc.cl\/en\/sobre-el-portal\/\" \/>\n<meta property=\"og:locale\" content=\"en_US\" \/>\n<meta property=\"og:type\" content=\"article\" \/>\n<meta property=\"og:title\" content=\"Sobre el portal - Portal de Revistas\" \/>\n<meta property=\"og:description\" content=\"Conoce el portal de Revistas UC: su misi\u00f3n, visi\u00f3n, y compromiso con la difusi\u00f3n cient\u00edfica de acceso abierto.\" \/>\n<meta property=\"og:url\" content=\"https:\/\/revistas.uc.cl\/en\/sobre-el-portal\/\" \/>\n<meta property=\"og:site_name\" content=\"Portal de Revistas\" \/>\n<meta property=\"article:modified_time\" content=\"2025-07-28T14:52:04+00:00\" \/>\n<meta name=\"twitter:card\" content=\"summary_large_image\" \/>\n<script type=\"application\/ld+json\" class=\"yoast-schema-graph\">{\"@context\":\"https:\/\/schema.org\",\"@graph\":[{\"@type\":\"WebPage\",\"@id\":\"https:\/\/revistas.uc.cl\/sobre-el-portal\/\",\"url\":\"https:\/\/revistas.uc.cl\/sobre-el-portal\/\",\"name\":\"Sobre el portal - Portal de Revistas\",\"isPartOf\":{\"@id\":\"https:\/\/revistas.uc.cl\/#website\"},\"datePublished\":\"2023-01-27T15:39:40+00:00\",\"dateModified\":\"2025-07-28T14:52:04+00:00\",\"description\":\"Conoce el portal de Revistas UC: su misi\u00f3n, visi\u00f3n, y compromiso con la difusi\u00f3n cient\u00edfica de acceso abierto.\",\"breadcrumb\":{\"@id\":\"https:\/\/revistas.uc.cl\/sobre-el-portal\/#breadcrumb\"},\"inLanguage\":\"en-US\",\"potentialAction\":[{\"@type\":\"ReadAction\",\"target\":[\"https:\/\/revistas.uc.cl\/sobre-el-portal\/\"]}]},{\"@type\":\"BreadcrumbList\",\"@id\":\"https:\/\/revistas.uc.cl\/sobre-el-portal\/#breadcrumb\",\"itemListElement\":[{\"@type\":\"ListItem\",\"position\":1,\"name\":\"Portada\",\"item\":\"https:\/\/revistas.uc.cl\/\"},{\"@type\":\"ListItem\",\"position\":2,\"name\":\"Sobre el portal\"}]},{\"@type\":\"WebSite\",\"@id\":\"https:\/\/revistas.uc.cl\/#website\",\"url\":\"https:\/\/revistas.uc.cl\/\",\"name\":\"Portal de Revistas\",\"description\":\"Informaci\u00f3n de las revistas de investigaci\u00f3n de la UC\",\"potentialAction\":[{\"@type\":\"SearchAction\",\"target\":{\"@type\":\"EntryPoint\",\"urlTemplate\":\"https:\/\/revistas.uc.cl\/?s={search_term_string}\"},\"query-input\":\"required name=search_term_string\"}],\"inLanguage\":\"en-US\"}]}<\/script>\n<!-- \/ Yoast SEO plugin. -->","yoast_head_json":{"title":"Portal de Revistas","description":"Conoce el portal de Revistas UC: su misi\u00f3n, visi\u00f3n, y compromiso con la difusi\u00f3n cient\u00edfica de acceso abierto.","robots":{"index":"index","follow":"follow","max-snippet":"max-snippet:-1","max-image-preview":"max-image-preview:large","max-video-preview":"max-video-preview:-1"},"canonical":"https:\/\/revistas.uc.cl\/en\/sobre-el-portal\/","og_locale":"en_US","og_type":"article","og_title":"Sobre el portal - Portal de Revistas","og_description":"Conoce el portal de Revistas UC: su misi\u00f3n, visi\u00f3n, y compromiso con la difusi\u00f3n cient\u00edfica de acceso abierto.","og_url":"https:\/\/revistas.uc.cl\/en\/sobre-el-portal\/","og_site_name":"Portal de Revistas","article_modified_time":"2025-07-28T14:52:04+00:00","twitter_card":"summary_large_image","schema":{"@context":"https:\/\/schema.org","@graph":[{"@type":"WebPage","@id":"https:\/\/revistas.uc.cl\/sobre-el-portal\/","url":"https:\/\/revistas.uc.cl\/sobre-el-portal\/","name":"Sobre el portal - Portal de Revistas","isPartOf":{"@id":"https:\/\/revistas.uc.cl\/#website"},"datePublished":"2023-01-27T15:39:40+00:00","dateModified":"2025-07-28T14:52:04+00:00","description":"Conoce el portal de Revistas UC: su misi\u00f3n, visi\u00f3n, y compromiso con la difusi\u00f3n cient\u00edfica de acceso abierto.","breadcrumb":{"@id":"https:\/\/revistas.uc.cl\/sobre-el-portal\/#breadcrumb"},"inLanguage":"en-US","potentialAction":[{"@type":"ReadAction","target":["https:\/\/revistas.uc.cl\/sobre-el-portal\/"]}]},{"@type":"BreadcrumbList","@id":"https:\/\/revistas.uc.cl\/sobre-el-portal\/#breadcrumb","itemListElement":[{"@type":"ListItem","position":1,"name":"Portada","item":"https:\/\/revistas.uc.cl\/"},{"@type":"ListItem","position":2,"name":"Sobre el portal"}]},{"@type":"WebSite","@id":"https:\/\/revistas.uc.cl\/#website","url":"https:\/\/revistas.uc.cl\/","name":"Portal de Revistas","description":"Informaci\u00f3n de las revistas de investigaci\u00f3n de la UC","potentialAction":[{"@type":"SearchAction","target":{"@type":"EntryPoint","urlTemplate":"https:\/\/revistas.uc.cl\/?s={search_term_string}"},"query-input":"required name=search_term_string"}],"inLanguage":"en-US"}]}},"_links":{"self":[{"href":"https:\/\/revistas.uc.cl\/en\/wp-json\/wp\/v2\/pages\/206","targetHints":{"allow":["GET"]}}],"collection":[{"href":"https:\/\/revistas.uc.cl\/en\/wp-json\/wp\/v2\/pages"}],"about":[{"href":"https:\/\/revistas.uc.cl\/en\/wp-json\/wp\/v2\/types\/page"}],"author":[{"embeddable":true,"href":"https:\/\/revistas.uc.cl\/en\/wp-json\/wp\/v2\/users\/1"}],"replies":[{"embeddable":true,"href":"https:\/\/revistas.uc.cl\/en\/wp-json\/wp\/v2\/comments?post=206"}],"version-history":[{"count":2,"href":"https:\/\/revistas.uc.cl\/en\/wp-json\/wp\/v2\/pages\/206\/revisions"}],"predecessor-version":[{"id":946315,"href":"https:\/\/revistas.uc.cl\/en\/wp-json\/wp\/v2\/pages\/206\/revisions\/946315"}],"wp:attachment":[{"href":"https:\/\/revistas.uc.cl\/en\/wp-json\/wp\/v2\/media?parent=206"}],"curies":[{"name":"wp","href":"https:\/\/api.w.org\/{rel}","templated":true}]}}