{"id":198,"date":"2023-01-27T11:48:58","date_gmt":"2023-01-27T14:48:58","guid":{"rendered":"https:\/\/revistas.uc.cl\/?page_id=198"},"modified":"2025-07-03T12:49:08","modified_gmt":"2025-07-03T15:49:08","slug":"nuestras-revistas","status":"publish","type":"page","link":"https:\/\/revistas.uc.cl\/en\/nuestras-revistas\/","title":{"rendered":"Our Journals"},"content":{"rendered":"","protected":false},"excerpt":{"rendered":"","protected":false},"author":1,"featured_media":0,"parent":0,"menu_order":0,"comment_status":"closed","ping_status":"closed","template":"","meta":{"_acf_changed":false,"footnotes":""},"class_list":["post-198","page","type-page","status-publish","hentry"],"acf":[],"yoast_head":"<!-- This site is optimized with the Yoast SEO plugin v22.6 - https:\/\/yoast.com\/wordpress\/plugins\/seo\/ -->\n<title>Portal de Revistas<\/title>\n<meta name=\"description\" content=\"Descubre nuestras revistas acad\u00e9micas en la UC, donde la innovaci\u00f3n y el conocimiento se encuentran. Accede a contenido de calidad y mantente al d\u00eda en tu \u00e1rea de inter\u00e9s.\" \/>\n<meta name=\"robots\" content=\"index, follow, max-snippet:-1, max-image-preview:large, max-video-preview:-1\" \/>\n<link rel=\"canonical\" href=\"https:\/\/revistas.uc.cl\/en\/nuestras-revistas\/\" \/>\n<meta property=\"og:locale\" content=\"en_US\" \/>\n<meta property=\"og:type\" content=\"article\" \/>\n<meta property=\"og:title\" content=\"Nuestras Revistas - Portal de Revistas UC\" \/>\n<meta property=\"og:description\" content=\"Descubre nuestras revistas acad\u00e9micas en la UC, donde la innovaci\u00f3n y el conocimiento se encuentran. Accede a contenido de calidad y mantente al d\u00eda en tu \u00e1rea de inter\u00e9s.\" \/>\n<meta property=\"og:url\" content=\"https:\/\/revistas.uc.cl\/en\/nuestras-revistas\/\" \/>\n<meta property=\"og:site_name\" content=\"Portal de Revistas\" \/>\n<meta property=\"article:modified_time\" content=\"2025-07-03T15:49:08+00:00\" \/>\n<meta name=\"twitter:card\" content=\"summary_large_image\" \/>\n<script type=\"application\/ld+json\" class=\"yoast-schema-graph\">{\"@context\":\"https:\/\/schema.org\",\"@graph\":[{\"@type\":\"WebPage\",\"@id\":\"https:\/\/revistas.uc.cl\/nuestras-revistas\/\",\"url\":\"https:\/\/revistas.uc.cl\/nuestras-revistas\/\",\"name\":\"Nuestras Revistas - Portal de Revistas UC\",\"isPartOf\":{\"@id\":\"https:\/\/revistas.uc.cl\/#website\"},\"datePublished\":\"2023-01-27T14:48:58+00:00\",\"dateModified\":\"2025-07-03T15:49:08+00:00\",\"description\":\"Descubre nuestras revistas acad\u00e9micas en la UC, donde la innovaci\u00f3n y el conocimiento se encuentran. Accede a contenido de calidad y mantente al d\u00eda en tu \u00e1rea de inter\u00e9s.\",\"breadcrumb\":{\"@id\":\"https:\/\/revistas.uc.cl\/nuestras-revistas\/#breadcrumb\"},\"inLanguage\":\"en-US\",\"potentialAction\":[{\"@type\":\"ReadAction\",\"target\":[\"https:\/\/revistas.uc.cl\/nuestras-revistas\/\"]}]},{\"@type\":\"BreadcrumbList\",\"@id\":\"https:\/\/revistas.uc.cl\/nuestras-revistas\/#breadcrumb\",\"itemListElement\":[{\"@type\":\"ListItem\",\"position\":1,\"name\":\"Portada\",\"item\":\"https:\/\/revistas.uc.cl\/\"},{\"@type\":\"ListItem\",\"position\":2,\"name\":\"Nuestras Revistas\"}]},{\"@type\":\"WebSite\",\"@id\":\"https:\/\/revistas.uc.cl\/#website\",\"url\":\"https:\/\/revistas.uc.cl\/\",\"name\":\"Portal de Revistas\",\"description\":\"Informaci\u00f3n de las revistas de investigaci\u00f3n de la UC\",\"potentialAction\":[{\"@type\":\"SearchAction\",\"target\":{\"@type\":\"EntryPoint\",\"urlTemplate\":\"https:\/\/revistas.uc.cl\/?s={search_term_string}\"},\"query-input\":\"required name=search_term_string\"}],\"inLanguage\":\"en-US\"}]}<\/script>\n<!-- \/ Yoast SEO plugin. -->","yoast_head_json":{"title":"Portal de Revistas","description":"Descubre nuestras revistas acad\u00e9micas en la UC, donde la innovaci\u00f3n y el conocimiento se encuentran. Accede a contenido de calidad y mantente al d\u00eda en tu \u00e1rea de inter\u00e9s.","robots":{"index":"index","follow":"follow","max-snippet":"max-snippet:-1","max-image-preview":"max-image-preview:large","max-video-preview":"max-video-preview:-1"},"canonical":"https:\/\/revistas.uc.cl\/en\/nuestras-revistas\/","og_locale":"en_US","og_type":"article","og_title":"Nuestras Revistas - Portal de Revistas UC","og_description":"Descubre nuestras revistas acad\u00e9micas en la UC, donde la innovaci\u00f3n y el conocimiento se encuentran. Accede a contenido de calidad y mantente al d\u00eda en tu \u00e1rea de inter\u00e9s.","og_url":"https:\/\/revistas.uc.cl\/en\/nuestras-revistas\/","og_site_name":"Portal de Revistas","article_modified_time":"2025-07-03T15:49:08+00:00","twitter_card":"summary_large_image","schema":{"@context":"https:\/\/schema.org","@graph":[{"@type":"WebPage","@id":"https:\/\/revistas.uc.cl\/nuestras-revistas\/","url":"https:\/\/revistas.uc.cl\/nuestras-revistas\/","name":"Nuestras Revistas - Portal de Revistas UC","isPartOf":{"@id":"https:\/\/revistas.uc.cl\/#website"},"datePublished":"2023-01-27T14:48:58+00:00","dateModified":"2025-07-03T15:49:08+00:00","description":"Descubre nuestras revistas acad\u00e9micas en la UC, donde la innovaci\u00f3n y el conocimiento se encuentran. Accede a contenido de calidad y mantente al d\u00eda en tu \u00e1rea de inter\u00e9s.","breadcrumb":{"@id":"https:\/\/revistas.uc.cl\/nuestras-revistas\/#breadcrumb"},"inLanguage":"en-US","potentialAction":[{"@type":"ReadAction","target":["https:\/\/revistas.uc.cl\/nuestras-revistas\/"]}]},{"@type":"BreadcrumbList","@id":"https:\/\/revistas.uc.cl\/nuestras-revistas\/#breadcrumb","itemListElement":[{"@type":"ListItem","position":1,"name":"Portada","item":"https:\/\/revistas.uc.cl\/"},{"@type":"ListItem","position":2,"name":"Nuestras Revistas"}]},{"@type":"WebSite","@id":"https:\/\/revistas.uc.cl\/#website","url":"https:\/\/revistas.uc.cl\/","name":"Portal de Revistas","description":"Informaci\u00f3n de las revistas de investigaci\u00f3n de la UC","potentialAction":[{"@type":"SearchAction","target":{"@type":"EntryPoint","urlTemplate":"https:\/\/revistas.uc.cl\/?s={search_term_string}"},"query-input":"required name=search_term_string"}],"inLanguage":"en-US"}]}},"_links":{"self":[{"href":"https:\/\/revistas.uc.cl\/en\/wp-json\/wp\/v2\/pages\/198","targetHints":{"allow":["GET"]}}],"collection":[{"href":"https:\/\/revistas.uc.cl\/en\/wp-json\/wp\/v2\/pages"}],"about":[{"href":"https:\/\/revistas.uc.cl\/en\/wp-json\/wp\/v2\/types\/page"}],"author":[{"embeddable":true,"href":"https:\/\/revistas.uc.cl\/en\/wp-json\/wp\/v2\/users\/1"}],"replies":[{"embeddable":true,"href":"https:\/\/revistas.uc.cl\/en\/wp-json\/wp\/v2\/comments?post=198"}],"version-history":[{"count":2,"href":"https:\/\/revistas.uc.cl\/en\/wp-json\/wp\/v2\/pages\/198\/revisions"}],"predecessor-version":[{"id":946344,"href":"https:\/\/revistas.uc.cl\/en\/wp-json\/wp\/v2\/pages\/198\/revisions\/946344"}],"wp:attachment":[{"href":"https:\/\/revistas.uc.cl\/en\/wp-json\/wp\/v2\/media?parent=198"}],"curies":[{"name":"wp","href":"https:\/\/api.w.org\/{rel}","templated":true}]}}